{"id":9411,"date":"2025-05-28T15:39:08","date_gmt":"2025-05-28T13:39:08","guid":{"rendered":"https:\/\/jvdwoo2025.dnstemporaire.fr\/?page_id=9411"},"modified":"2025-09-17T11:46:24","modified_gmt":"2025-09-17T09:46:24","slug":"which-hand-dryer-should-you-choose","status":"publish","type":"page","link":"https:\/\/www.jvd.mx\/en\/hand-dryers\/which-hand-dryer-should-you-choose\/","title":{"rendered":"Which hand dryer should you choose?"},"content":{"rendered":"\n<div class=\"wp-block-columns is-layout-flex wp-container-core-columns-is-layout-af3aebae wp-block-columns-is-layout-flex\" style=\"margin-top:0;margin-bottom:var(--wp--preset--spacing--100)\">\n<div class=\"wp-block-column is-layout-flow wp-block-column-is-layout-flow\">\n<figure class=\"wp-block-image size-square has-custom-border is-style-rounded\"><img loading=\"lazy\" decoding=\"async\" width=\"600\" height=\"600\" src=\"https:\/\/www.jvd.mx\/wp-content\/uploads\/2025\/05\/etiquette-surseche-mains-fabriques-en-france-600x600.jpg\" alt=\"\u00e9tiquette Sur(s\u00e8che Mains Fabriqu\u00e9s En France\" class=\"wp-image-4051\" style=\"border-radius:20px;object-fit:cover\" srcset=\"https:\/\/www.jvd.mx\/wp-content\/uploads\/2025\/05\/etiquette-surseche-mains-fabriques-en-france-600x600.jpg 600w, https:\/\/www.jvd.mx\/wp-content\/uploads\/2025\/05\/etiquette-surseche-mains-fabriques-en-france-300x300.jpg 300w, https:\/\/www.jvd.mx\/wp-content\/uploads\/2025\/05\/etiquette-surseche-mains-fabriques-en-france-100x100.jpg 100w, https:\/\/www.jvd.mx\/wp-content\/uploads\/2025\/05\/etiquette-surseche-mains-fabriques-en-france-150x150.jpg 150w\" sizes=\"auto, (max-width: 600px) 100vw, 600px\" \/><\/figure>\n<\/div>\n\n\n\n<div class=\"wp-block-column is-vertically-aligned-center is-layout-flow wp-block-column-is-layout-flow\">\n<h2 class=\"wp-block-heading\"><strong>Hot air or cold air?<\/strong><\/h2>\n\n\n\n<p style=\"border-radius:38px\">The type of air used by a hand dryer directly affects user comfort and drying efficiency. The choice mainly depends on the ambient temperature of the location and the experience you want to provide.<\/p>\n\n\n\n<p><strong>In an unheated or poorly heated space<\/strong>, a blast of cold air can feel unpleasant, especially in winter. To ensure comfort, two options are recommended: a warm-air hand dryer with a built-in heating element that delivers tempered air, providing a pleasant sensation while ensuring quick drying.<\/p>\n\n\n\n<p><strong>In a well-heated space<\/strong>, a cold-air model is perfectly suitable. It is often more energy-efficient, reduces environmental impact, and offers comparable drying speed.<\/p>\n\n\n\n<p style=\"border-radius:38px\">In summary, choose a warm-air or evaporation model for cooler environments, and opt for a cold-air model in temperate settings to maximise energy savings.<\/p>\n\n\n\n<div class=\"wp-block-buttons is-layout-flex wp-block-buttons-is-layout-flex\">\n<div class=\"wp-block-button is-style-fill\"><a class=\"wp-block-button__link wp-element-button\" href=\"https:\/\/www.jvd.mx\/en\/category\/hand-dryers\/\">Discover our range of hand dryers<\/a><\/div>\n<\/div>\n<\/div>\n<\/div>\n\n\n\n<div class=\"wp-block-columns is-layout-flex wp-container-core-columns-is-layout-af3aebae wp-block-columns-is-layout-flex\" style=\"margin-top:0;margin-bottom:var(--wp--preset--spacing--100)\">\n<div class=\"wp-block-column is-vertically-aligned-center is-layout-flow wp-block-column-is-layout-flow\" style=\"border-style:none;border-width:0px\">\n<h2 class=\"wp-block-heading\"><strong>How to make hand drying accessible?<\/strong><\/h2>\n\n\n\n<p style=\"border-radius:38px\">Unlike horizontally opening hand dryers, which can be difficult to access for wheelchair users, the vertical design of the Exp\u2019air allows natural hand drying without posture constraints.<\/p>\n\n\n\n<p style=\"border-radius:38px\">This advanced ergonomics supports inclusion, providing an optimized experience in public venues.<\/p>\n\n\n\n<div class=\"wp-block-buttons is-layout-flex wp-block-buttons-is-layout-flex\">\n<div class=\"wp-block-button is-style-fill\"><a class=\"wp-block-button__link wp-element-button\" href=\"https:\/\/www.jvd.mx\/en\/produit\/expair-hand-dryer-jetair-aluminium\/\">Discover the Exp\u2019air hand dryers<\/a><\/div>\n<\/div>\n<\/div>\n\n\n\n<div class=\"wp-block-column is-layout-flow wp-block-column-is-layout-flow\">\n<figure class=\"wp-block-image size-square has-custom-border is-style-rounded\"><img loading=\"lazy\" decoding=\"async\" width=\"600\" height=\"533\" src=\"https:\/\/www.jvd.mx\/wp-content\/uploads\/2025\/06\/amb-expair-5-pmr-600x533.jpg\" alt=\"personne en fauteuil roulant qui se s\u00e8che les mains avec un s\u00e8che-mains JVD adapt\u00e9\" class=\"wp-image-5097\" style=\"border-radius:20px;object-fit:cover\"\/><\/figure>\n<\/div>\n<\/div>\n\n\n\n<div class=\"wp-block-group has-lightgrey-background-color has-background has-global-padding is-layout-constrained wp-container-core-group-is-layout-92aa3f89 wp-block-group-is-layout-constrained\" style=\"border-radius:25px;margin-top:0;margin-bottom:var(--wp--preset--spacing--125);padding-top:var(--wp--preset--spacing--75);padding-right:var(--wp--preset--spacing--75);padding-bottom:var(--wp--preset--spacing--75);padding-left:var(--wp--preset--spacing--75)\">\n<h2 class=\"wp-block-heading\">Budget: the advantage of jet air hand dryers<\/h2>\n\n\n\n<p>With 40 years of experience, JVD is a key player in hotel equipment, known for quality and innovation. JVD equips establishments in 104 countries, from independent hotels to major international chains, trusted to meet their comfort and performance needs.<\/p>\n\n\n\n<p>Our equipment combines functionality, design and durability, addressing the specific needs of each venue. From bathroom fittings to guest rooms and common areas, our products meet today\u2019s challenges and anticipate tomorrow\u2019s.<\/p>\n\n\n\n<div class=\"wp-block-buttons is-content-justification-center is-layout-flex wp-container-core-buttons-is-layout-a89b3969 wp-block-buttons-is-layout-flex\">\n<div class=\"wp-block-button is-style-white-button\"><a class=\"wp-block-button__link has-text-align-center wp-element-button\" href=\"https:\/\/www.jvd.mx\/en\/category\/hand-dryer-jet-air\/\" style=\"padding-right:var(--wp--preset--spacing--25);padding-left:var(--wp--preset--spacing--25)\">Learn more<\/a><\/div>\n<\/div>\n<\/div>\n\n\n\n<div class=\"wp-block-columns is-layout-flex wp-container-core-columns-is-layout-af3aebae wp-block-columns-is-layout-flex\" style=\"margin-top:0;margin-bottom:var(--wp--preset--spacing--100)\">\n<div class=\"wp-block-column is-layout-flow wp-block-column-is-layout-flow\">\n<figure class=\"wp-block-image size-square has-custom-border is-style-rounded\"><img loading=\"lazy\" decoding=\"async\" width=\"600\" height=\"533\" src=\"https:\/\/www.jvd.mx\/wp-content\/uploads\/2025\/06\/8-11-1400-zephyr-noir-600x533.jpg\" alt=\"S\u00e8che-mains noir compact au mur, tr\u00e8s silencieu de la marque JVD\" class=\"wp-image-5101\" style=\"border-radius:20px;object-fit:cover\"\/><\/figure>\n<\/div>\n\n\n\n<div class=\"wp-block-column is-vertically-aligned-center is-layout-flow wp-block-column-is-layout-flow\" style=\"border-style:none;border-width:0px\">\n<h2 class=\"wp-block-heading\">Choosing a hand dryer based on noise (or quietness)<\/h2>\n\n\n\n<p style=\"border-radius:38px\">Near an office or restaurant, hand dryer noise can be a nuisance. Most hot air dryers are relatively quiet.<\/p>\n\n\n\n<p style=\"border-radius:38px\">Jet air dryers also successfully combine performance with low noise levels.<\/p>\n\n\n\n<div class=\"wp-block-buttons is-layout-flex wp-block-buttons-is-layout-flex\">\n<div class=\"wp-block-button is-style-fill\"><a class=\"wp-block-button__link wp-element-button\" href=\"https:\/\/www.jvd.mx\/en\/category\/hand-dryers-hot-air\/\">Discover our range of hand dryers<\/a><\/div>\n<\/div>\n<\/div>\n<\/div>\n\n\n\n<div class=\"wp-block-columns is-layout-flex wp-container-core-columns-is-layout-af3aebae wp-block-columns-is-layout-flex\" style=\"margin-top:0;margin-bottom:var(--wp--preset--spacing--100)\">\n<div class=\"wp-block-column is-vertically-aligned-center is-layout-flow wp-block-column-is-layout-flow\" style=\"border-style:none;border-width:0px\">\n<h2 class=\"wp-block-heading\"><strong>Choosing a hand dryer that is easy to maintain<\/strong><\/h2>\n\n\n\n<p style=\"border-radius:38px\">Some hand dryers require little maintenance. Models with a water collector tray, like JVD\u2019s Exp\u2019air or Stell\u2019air, need occasional emptying to ensure perfect hygiene.<\/p>\n\n\n\n<p style=\"border-radius:38px\">For hand dryers with antibacterial or copper filters, simply cleaning or replacing the filters ensures their effectiveness.<\/p>\n\n\n\n<div class=\"wp-block-buttons is-layout-flex wp-block-buttons-is-layout-flex\">\n<div class=\"wp-block-button is-style-fill\"><a class=\"wp-block-button__link wp-element-button\" href=\"https:\/\/www.jvd.mx\/en\/category\/hand-dryers\/\">Discover our range of hand dryers<\/a><\/div>\n<\/div>\n<\/div>\n\n\n\n<div class=\"wp-block-column is-layout-flow wp-block-column-is-layout-flow\">\n<figure class=\"wp-block-image size-square has-custom-border is-style-rounded\"><img loading=\"lazy\" decoding=\"async\" width=\"600\" height=\"600\" src=\"https:\/\/www.jvd.mx\/wp-content\/uploads\/2025\/06\/seche-mains-expair-jvd-copie-600x600.jpg\" alt=\"S\u00e8che-mains JVD noir mat pour les espaces de forte affluence\" class=\"wp-image-5105\" style=\"border-radius:20px;object-fit:cover\" srcset=\"https:\/\/www.jvd.mx\/wp-content\/uploads\/2025\/06\/seche-mains-expair-jvd-copie-600x600.jpg 600w, https:\/\/www.jvd.mx\/wp-content\/uploads\/2025\/06\/seche-mains-expair-jvd-copie-300x300.jpg 300w, https:\/\/www.jvd.mx\/wp-content\/uploads\/2025\/06\/seche-mains-expair-jvd-copie-100x100.jpg 100w, https:\/\/www.jvd.mx\/wp-content\/uploads\/2025\/06\/seche-mains-expair-jvd-copie-150x150.jpg 150w\" sizes=\"auto, (max-width: 600px) 100vw, 600px\" \/><\/figure>\n<\/div>\n<\/div>\n\n\n\n<div class=\"wp-block-group is-layout-flow wp-block-group-is-layout-flow\" style=\"margin-bottom:var(--wp--preset--spacing--100);padding-bottom:0\">\n<h2 class=\"wp-block-heading has-text-align-center\">The range of JVD electric hand dryers<\/h2>\n\n\n\n<div id=\"wp-block-jvd-cards-block_427a255daaf1a612fe8b47aa102239d7\" style=\"margin-bottom:var(--wp--preset--spacing--50);\" class=\"wp-block-jvd-cards align wp-block-acf-cards\">\n\t    <div class=\"jvd-cards\" data-display=\"grid\" data-columns=\"4\" data-count=\"4\" data-parity=\"even\">\n\t\t        <div class=\"jvd-card\" data-link=\"1\" data-img-ratio=\"portrait\" data-text-pos=\"under\">\n            <figure class=\"jvd-card__img\">\n\t\t\t                    <img decoding=\"async\" src=\"https:\/\/www.jvd.mx\/wp-content\/uploads\/2025\/05\/expair-8-11-1376-jvd-600x800.jpg\" width=\"600\" height=\"800\" alt=\"\" loading=\"lazy\" \/>\n\t\t\t                <\/figure>\n            <div class=\"jvd-card__content\">\n                <h3 class=\"jvd-card__title\"><a href=\"https:\/\/www.jvd.mx\/en\/category\/hand-dryer-jet-air\/\">Jet air<\/a><\/h3>                                <p class=\"jvd-card__text\">The Exp\u2019air, Stell\u2019air, Copt\u2019air and Sup\u2019air models feature a slim air outlet designed to follow the skin\u2019s surface and blow water away.<\/p>\n                            <\/div>\n        <\/div>\n\t\t        <div class=\"jvd-card\" data-link=\"1\" data-img-ratio=\"portrait\" data-text-pos=\"under\">\n            <figure class=\"jvd-card__img\">\n\t\t\t                    <img decoding=\"async\" src=\"https:\/\/www.jvd.mx\/wp-content\/uploads\/2025\/05\/8-11-1403-zephyr-rouge-logo.jpg\" width=\"341\" height=\"423\" alt=\"zephyr-rouge-s\u00e8che-mains-fran\u00e7ais-JVD\" loading=\"lazy\" \/>\n\t\t\t                <\/figure>\n            <div class=\"jvd-card__content\">\n                <h3 class=\"jvd-card__title\"><a href=\"https:\/\/www.jvd.mx\/en\/category\/hand-dryers-hot-air\/\">Hot air<\/a><\/h3>                                <p class=\"jvd-card__text\">The Zephyr, Tornade, Ouragan and Master hot air dryers are compact and energy-efficient.<\/p>\n                            <\/div>\n        <\/div>\n\t\t        <div class=\"jvd-card\" data-link=\"1\" data-img-ratio=\"portrait\" data-text-pos=\"under\">\n            <figure class=\"jvd-card__img\">\n\t\t\t                    <img decoding=\"async\" src=\"https:\/\/www.jvd.mx\/wp-content\/uploads\/2025\/05\/amb-supair-fresh.jpg\" width=\"286\" height=\"354\" alt=\"s\u00e8che-mains qui neutralise les odeurs dans les sanitaires\" loading=\"lazy\" \/>\n\t\t\t                <\/figure>\n            <div class=\"jvd-card__content\">\n                <h3 class=\"jvd-card__title\"><a href=\"https:\/\/www.jvd.mx\/en\/category\/odour-killer-en\/\">Odor neutralizer<\/a><\/h3>                                <p class=\"jvd-card__text\">In addition to effectively drying hands, the Sup\u2019air Fresh neutralizes unpleasant odors thanks to its patented technology.<\/p>\n                            <\/div>\n        <\/div>\n\t\t        <div class=\"jvd-card\" data-link=\"1\" data-img-ratio=\"portrait\" data-text-pos=\"under\">\n            <figure class=\"jvd-card__img\">\n\t\t\t                    <img decoding=\"async\" src=\"https:\/\/www.jvd.mx\/wp-content\/uploads\/2025\/05\/8-11-1056kids-pack-supair-kids-seul.jpg\" width=\"419\" height=\"521\" alt=\"s\u00e8che-mains avec autocollant pour guider les enfants pour le s\u00e9chage des mains\" loading=\"lazy\" \/>\n\t\t\t                <\/figure>\n            <div class=\"jvd-card__content\">\n                <h3 class=\"jvd-card__title\"><a href=\"https:\/\/www.jvd.mx\/en\/category\/kids-en\/\">KIDS version<\/a><\/h3>                                <p class=\"jvd-card__text\">Solutions to customize JVD hand dryers and help children learn handwashing.<\/p>\n                            <\/div>\n        <\/div>\n\t\t    <\/div>\n    <\/div>\n\n\n\n<div class=\"wp-block-buttons is-content-justification-center is-layout-flex wp-container-core-buttons-is-layout-a89b3969 wp-block-buttons-is-layout-flex\">\n<div class=\"wp-block-button\"><a class=\"wp-block-button__link wp-element-button\" href=\"https:\/\/www.jvd.mx\/en\/category\/hand-dryers\/\">See all JVD hand dryers<\/a><\/div>\n<\/div>\n<\/div>\n\n\n\n<div class=\"wp-block-group has-lightgrey-background-color has-background has-global-padding is-layout-constrained wp-container-core-group-is-layout-2575833b wp-block-group-is-layout-constrained\" style=\"border-radius:25px;padding-top:var(--wp--preset--spacing--75);padding-right:var(--wp--preset--spacing--75);padding-bottom:var(--wp--preset--spacing--75);padding-left:var(--wp--preset--spacing--75);background-image:url(&apos;https:\/\/www.jvd.mx\/wp-content\/uploads\/2025\/05\/lavage-mains-et-sechage-shcee-mains-jvd.jpg&apos;);background-position:47% 41%;background-size:cover;\">\n<div class=\"wp-block-columns is-layout-flex wp-container-core-columns-is-layout-cbe57604 wp-block-columns-is-layout-flex\">\n<div class=\"wp-block-column is-layout-flow wp-block-column-is-layout-flow\" style=\"flex-basis:100%\">\n<figure class=\"wp-block-image size-medium\"><img loading=\"lazy\" decoding=\"async\" width=\"600\" height=\"338\" src=\"https:\/\/www.jvd.mx\/wp-content\/uploads\/2025\/05\/tablette-economies-liees-a-utilisation-shcee-mains-jvd-600x338.png\" alt=\"\" class=\"wp-image-3972\" style=\"object-fit:cover\" srcset=\"https:\/\/www.jvd.mx\/wp-content\/uploads\/2025\/05\/tablette-economies-liees-a-utilisation-shcee-mains-jvd-600x338.png 600w, https:\/\/www.jvd.mx\/wp-content\/uploads\/2025\/05\/tablette-economies-liees-a-utilisation-shcee-mains-jvd-120x68.png 120w, https:\/\/www.jvd.mx\/wp-content\/uploads\/2025\/05\/tablette-economies-liees-a-utilisation-shcee-mains-jvd-640x360.png 640w, https:\/\/www.jvd.mx\/wp-content\/uploads\/2025\/05\/tablette-economies-liees-a-utilisation-shcee-mains-jvd-1280x720.png 1280w, https:\/\/www.jvd.mx\/wp-content\/uploads\/2025\/05\/tablette-economies-liees-a-utilisation-shcee-mains-jvd.png 1920w\" sizes=\"auto, (max-width: 600px) 100vw, 600px\" \/><\/figure>\n<\/div>\n\n\n\n<div class=\"wp-block-column is-layout-flow wp-block-column-is-layout-flow\" style=\"flex-basis:100%\">\n<h2 class=\"wp-block-heading has-white-color has-text-color has-link-color wp-elements-9316626cbbfd058bcca4bc5dadc4b28f\">Calculate your savings by switching to JVD electric hand dryers<\/h2>\n\n\n\n<p class=\"has-white-color has-text-color has-link-color wp-elements-de0e0234e98eac86fe3e78e40fb746a9\">Up to 10 times cheaper than paper!<br>Discover how much you can save by switching to an electric hand dryer like the Sup\u2019air, made in France.<\/p>\n\n\n\n<div class=\"wp-block-buttons is-content-justification-left is-layout-flex wp-container-core-buttons-is-layout-fc4fd283 wp-block-buttons-is-layout-flex\">\n<div class=\"wp-block-button is-style-fill\"><a class=\"wp-block-button__link has-text-align-center wp-element-button\" href=\"https:\/\/www.jvd.mx\/en\/hand-dryers\/savings-calculator-hand-dryer\/\" style=\"padding-right:var(--wp--preset--spacing--25);padding-left:var(--wp--preset--spacing--25)\">Calculate your savings<\/a><\/div>\n<\/div>\n<\/div>\n<\/div>\n<\/div>\n","protected":false},"excerpt":{"rendered":"<p>Hot air or cold air? The type of air used by a hand dryer directly affects user comfort and drying efficiency. The choice mainly depends on the ambient temperature of the location and the experience you want to provide. In an unheated or poorly heated space, a blast of cold air can feel unpleasant, especially [&hellip;]<\/p>\n","protected":false},"author":1,"featured_media":0,"parent":4859,"menu_order":0,"comment_status":"closed","ping_status":"closed","template":"","meta":{"_acf_changed":false,"_searchwp_excluded":"","inline_featured_image":false,"footnotes":""},"class_list":["post-9411","page","type-page","status-publish","hentry"],"acf":[],"yoast_head":"<!-- This site is optimized with the Yoast SEO plugin v27.1.1 - https:\/\/yoast.com\/product\/yoast-seo-wordpress\/ -->\n<title>Which hand dryer should you choose? - JVD<\/title>\n<meta name=\"description\" content=\"Which hand dryer should you choose? Discover JVD hand dryers: designed for fast drying with a low environmental footprint.\" \/>\n<meta name=\"robots\" content=\"index, follow, max-snippet:-1, max-image-preview:large, max-video-preview:-1\" \/>\n<link rel=\"canonical\" href=\"https:\/\/www.jvd.mx\/en\/hand-dryers\/which-hand-dryer-should-you-choose\/\" \/>\n<meta property=\"og:locale\" content=\"en_US\" \/>\n<meta property=\"og:type\" content=\"article\" \/>\n<meta property=\"og:title\" content=\"Which hand dryer should you choose? - JVD\" \/>\n<meta property=\"og:description\" content=\"Which hand dryer should you choose? Discover JVD hand dryers: designed for fast drying with a low environmental footprint.\" \/>\n<meta property=\"og:url\" content=\"https:\/\/www.jvd.mx\/en\/hand-dryers\/which-hand-dryer-should-you-choose\/\" \/>\n<meta property=\"og:site_name\" content=\"JVD\" \/>\n<meta property=\"article:modified_time\" content=\"2025-09-17T09:46:24+00:00\" \/>\n<meta property=\"og:image\" content=\"https:\/\/www.jvd.mx\/wp-content\/uploads\/2025\/05\/etiquette-surseche-mains-fabriques-en-france.jpg\" \/>\n\t<meta property=\"og:image:width\" content=\"1200\" \/>\n\t<meta property=\"og:image:height\" content=\"800\" \/>\n\t<meta property=\"og:image:type\" content=\"image\/jpeg\" \/>\n<script type=\"application\/ld+json\" class=\"yoast-schema-graph\">{\"@context\":\"https:\/\/schema.org\",\"@graph\":[{\"@type\":\"WebPage\",\"@id\":\"https:\/\/www.jvd.mx\/en\/hand-dryers\/which-hand-dryer-should-you-choose\/\",\"url\":\"https:\/\/www.jvd.mx\/en\/hand-dryers\/which-hand-dryer-should-you-choose\/\",\"name\":\"Which hand dryer should you choose? - JVD\",\"isPartOf\":{\"@id\":\"https:\/\/www.jvd.mx\/en\/#website\"},\"primaryImageOfPage\":{\"@id\":\"https:\/\/www.jvd.mx\/en\/hand-dryers\/which-hand-dryer-should-you-choose\/#primaryimage\"},\"image\":{\"@id\":\"https:\/\/www.jvd.mx\/en\/hand-dryers\/which-hand-dryer-should-you-choose\/#primaryimage\"},\"thumbnailUrl\":\"https:\/\/www.jvd.mx\/wp-content\/uploads\/2025\/05\/etiquette-surseche-mains-fabriques-en-france-600x600.jpg\",\"datePublished\":\"2025-05-28T13:39:08+00:00\",\"dateModified\":\"2025-09-17T09:46:24+00:00\",\"description\":\"Which hand dryer should you choose? Discover JVD hand dryers: designed for fast drying with a low environmental footprint.\",\"breadcrumb\":{\"@id\":\"https:\/\/www.jvd.mx\/en\/hand-dryers\/which-hand-dryer-should-you-choose\/#breadcrumb\"},\"inLanguage\":\"en-US\",\"potentialAction\":[{\"@type\":\"ReadAction\",\"target\":[\"https:\/\/www.jvd.mx\/en\/hand-dryers\/which-hand-dryer-should-you-choose\/\"]}]},{\"@type\":\"ImageObject\",\"inLanguage\":\"en-US\",\"@id\":\"https:\/\/www.jvd.mx\/en\/hand-dryers\/which-hand-dryer-should-you-choose\/#primaryimage\",\"url\":\"https:\/\/www.jvd.mx\/wp-content\/uploads\/2025\/05\/etiquette-surseche-mains-fabriques-en-france-600x600.jpg\",\"contentUrl\":\"https:\/\/www.jvd.mx\/wp-content\/uploads\/2025\/05\/etiquette-surseche-mains-fabriques-en-france-600x600.jpg\"},{\"@type\":\"BreadcrumbList\",\"@id\":\"https:\/\/www.jvd.mx\/en\/hand-dryers\/which-hand-dryer-should-you-choose\/#breadcrumb\",\"itemListElement\":[{\"@type\":\"ListItem\",\"position\":1,\"name\":\"Accueil\",\"item\":\"https:\/\/www.jvd.mx\/en\/\"},{\"@type\":\"ListItem\",\"position\":2,\"name\":\"Hand dryers\",\"item\":\"https:\/\/www.jvd.mx\/en\/hand-dryers\/\"},{\"@type\":\"ListItem\",\"position\":3,\"name\":\"Which hand dryer should you choose?\"}]},{\"@type\":\"WebSite\",\"@id\":\"https:\/\/www.jvd.mx\/en\/#website\",\"url\":\"https:\/\/www.jvd.mx\/en\/\",\"name\":\"JVD\",\"description\":\"Products that care\",\"potentialAction\":[{\"@type\":\"SearchAction\",\"target\":{\"@type\":\"EntryPoint\",\"urlTemplate\":\"https:\/\/www.jvd.mx\/en\/?s={search_term_string}\"},\"query-input\":{\"@type\":\"PropertyValueSpecification\",\"valueRequired\":true,\"valueName\":\"search_term_string\"}}],\"inLanguage\":\"en-US\"}]}<\/script>\n<!-- \/ Yoast SEO plugin. -->","yoast_head_json":{"title":"Which hand dryer should you choose? - JVD","description":"Which hand dryer should you choose? Discover JVD hand dryers: designed for fast drying with a low environmental footprint.","robots":{"index":"index","follow":"follow","max-snippet":"max-snippet:-1","max-image-preview":"max-image-preview:large","max-video-preview":"max-video-preview:-1"},"canonical":"https:\/\/www.jvd.mx\/en\/hand-dryers\/which-hand-dryer-should-you-choose\/","og_locale":"en_US","og_type":"article","og_title":"Which hand dryer should you choose? - JVD","og_description":"Which hand dryer should you choose? Discover JVD hand dryers: designed for fast drying with a low environmental footprint.","og_url":"https:\/\/www.jvd.mx\/en\/hand-dryers\/which-hand-dryer-should-you-choose\/","og_site_name":"JVD","article_modified_time":"2025-09-17T09:46:24+00:00","og_image":[{"width":1200,"height":800,"url":"https:\/\/www.jvd.mx\/wp-content\/uploads\/2025\/05\/etiquette-surseche-mains-fabriques-en-france.jpg","type":"image\/jpeg"}],"schema":{"@context":"https:\/\/schema.org","@graph":[{"@type":"WebPage","@id":"https:\/\/www.jvd.mx\/en\/hand-dryers\/which-hand-dryer-should-you-choose\/","url":"https:\/\/www.jvd.mx\/en\/hand-dryers\/which-hand-dryer-should-you-choose\/","name":"Which hand dryer should you choose? - JVD","isPartOf":{"@id":"https:\/\/www.jvd.mx\/en\/#website"},"primaryImageOfPage":{"@id":"https:\/\/www.jvd.mx\/en\/hand-dryers\/which-hand-dryer-should-you-choose\/#primaryimage"},"image":{"@id":"https:\/\/www.jvd.mx\/en\/hand-dryers\/which-hand-dryer-should-you-choose\/#primaryimage"},"thumbnailUrl":"https:\/\/www.jvd.mx\/wp-content\/uploads\/2025\/05\/etiquette-surseche-mains-fabriques-en-france-600x600.jpg","datePublished":"2025-05-28T13:39:08+00:00","dateModified":"2025-09-17T09:46:24+00:00","description":"Which hand dryer should you choose? Discover JVD hand dryers: designed for fast drying with a low environmental footprint.","breadcrumb":{"@id":"https:\/\/www.jvd.mx\/en\/hand-dryers\/which-hand-dryer-should-you-choose\/#breadcrumb"},"inLanguage":"en-US","potentialAction":[{"@type":"ReadAction","target":["https:\/\/www.jvd.mx\/en\/hand-dryers\/which-hand-dryer-should-you-choose\/"]}]},{"@type":"ImageObject","inLanguage":"en-US","@id":"https:\/\/www.jvd.mx\/en\/hand-dryers\/which-hand-dryer-should-you-choose\/#primaryimage","url":"https:\/\/www.jvd.mx\/wp-content\/uploads\/2025\/05\/etiquette-surseche-mains-fabriques-en-france-600x600.jpg","contentUrl":"https:\/\/www.jvd.mx\/wp-content\/uploads\/2025\/05\/etiquette-surseche-mains-fabriques-en-france-600x600.jpg"},{"@type":"BreadcrumbList","@id":"https:\/\/www.jvd.mx\/en\/hand-dryers\/which-hand-dryer-should-you-choose\/#breadcrumb","itemListElement":[{"@type":"ListItem","position":1,"name":"Accueil","item":"https:\/\/www.jvd.mx\/en\/"},{"@type":"ListItem","position":2,"name":"Hand dryers","item":"https:\/\/www.jvd.mx\/en\/hand-dryers\/"},{"@type":"ListItem","position":3,"name":"Which hand dryer should you choose?"}]},{"@type":"WebSite","@id":"https:\/\/www.jvd.mx\/en\/#website","url":"https:\/\/www.jvd.mx\/en\/","name":"JVD","description":"Products that care","potentialAction":[{"@type":"SearchAction","target":{"@type":"EntryPoint","urlTemplate":"https:\/\/www.jvd.mx\/en\/?s={search_term_string}"},"query-input":{"@type":"PropertyValueSpecification","valueRequired":true,"valueName":"search_term_string"}}],"inLanguage":"en-US"}]}},"_links":{"self":[{"href":"https:\/\/www.jvd.mx\/en\/wp-json\/wp\/v2\/pages\/9411","targetHints":{"allow":["GET"]}}],"collection":[{"href":"https:\/\/www.jvd.mx\/en\/wp-json\/wp\/v2\/pages"}],"about":[{"href":"https:\/\/www.jvd.mx\/en\/wp-json\/wp\/v2\/types\/page"}],"author":[{"embeddable":true,"href":"https:\/\/www.jvd.mx\/en\/wp-json\/wp\/v2\/users\/1"}],"replies":[{"embeddable":true,"href":"https:\/\/www.jvd.mx\/en\/wp-json\/wp\/v2\/comments?post=9411"}],"version-history":[{"count":10,"href":"https:\/\/www.jvd.mx\/en\/wp-json\/wp\/v2\/pages\/9411\/revisions"}],"predecessor-version":[{"id":60119,"href":"https:\/\/www.jvd.mx\/en\/wp-json\/wp\/v2\/pages\/9411\/revisions\/60119"}],"up":[{"embeddable":true,"href":"https:\/\/www.jvd.mx\/en\/wp-json\/wp\/v2\/pages\/4859"}],"wp:attachment":[{"href":"https:\/\/www.jvd.mx\/en\/wp-json\/wp\/v2\/media?parent=9411"}],"curies":[{"name":"wp","href":"https:\/\/api.w.org\/{rel}","templated":true}]}}